{"id":530,"date":"2025-08-08T17:46:29","date_gmt":"2025-08-08T22:46:29","guid":{"rendered":"https:\/\/globalpharma.mixture.com.co\/?page_id=530"},"modified":"2025-09-16T12:06:32","modified_gmt":"2025-09-16T17:06:32","slug":"blog","status":"publish","type":"page","link":"https:\/\/globalpharma.mixture.com.co\/es\/blog\/","title":{"rendered":"Blog"},"content":{"rendered":"\t\t<div data-elementor-type=\"wp-page\" data-elementor-id=\"530\" class=\"elementor elementor-530\" data-elementor-post-type=\"page\">\n\t\t\t\t<div class=\"elementor-element elementor-element-009a74d e-flex e-con-boxed e-con e-parent\" data-id=\"009a74d\" data-element_type=\"container\" data-settings=\"{&quot;background_background&quot;:&quot;classic&quot;}\">\n\t\t\t\t\t<div class=\"e-con-inner\">\n\t\t\t\t<div class=\"elementor-element elementor-element-0f6a4a3 elementor-widget elementor-widget-heading\" data-id=\"0f6a4a3\" data-element_type=\"widget\" data-widget_type=\"heading.default\">\n\t\t\t\t\t<h2 class=\"elementor-heading-title elementor-size-default\">contenido de <span style=\"background: #106EEA\">inter\u00e9s<\/span><\/h2>\t\t\t\t<\/div>\n\t\t\t\t\t<\/div>\n\t\t\t\t<\/div>\n\t\t<div class=\"elementor-element elementor-element-f96ad71 e-flex e-con-boxed e-con e-parent\" data-id=\"f96ad71\" data-element_type=\"container\">\n\t\t\t\t\t<div class=\"e-con-inner\">\n\t\t\t\t<div class=\"elementor-element elementor-element-783123c elementor-grid-3 elementor-grid-tablet-2 elementor-grid-mobile-1 elementor-posts--thumbnail-top elementor-widget elementor-widget-posts\" data-id=\"783123c\" data-element_type=\"widget\" data-settings=\"{&quot;classic_masonry&quot;:&quot;yes&quot;,&quot;classic_columns&quot;:&quot;3&quot;,&quot;classic_columns_tablet&quot;:&quot;2&quot;,&quot;classic_columns_mobile&quot;:&quot;1&quot;,&quot;classic_row_gap&quot;:{&quot;unit&quot;:&quot;px&quot;,&quot;size&quot;:35,&quot;sizes&quot;:[]},&quot;classic_row_gap_tablet&quot;:{&quot;unit&quot;:&quot;px&quot;,&quot;size&quot;:&quot;&quot;,&quot;sizes&quot;:[]},&quot;classic_row_gap_mobile&quot;:{&quot;unit&quot;:&quot;px&quot;,&quot;size&quot;:&quot;&quot;,&quot;sizes&quot;:[]}}\" data-widget_type=\"posts.classic\">\n\t\t\t\t<div class=\"elementor-widget-container\">\n\t\t\t\t\t\t\t<div class=\"elementor-posts-container elementor-posts elementor-posts--skin-classic elementor-grid\">\n\t\t\t\t<article class=\"elementor-post elementor-grid-item post-243 post type-post status-publish format-standard has-post-thumbnail hentry category-blog\">\n\t\t\t\t<a class=\"elementor-post__thumbnail__link\" href=\"https:\/\/globalpharma.mixture.com.co\/es\/la-columna-vertebral-de-la-salud-logistica-farmaceutica-en-colombia\/\" tabindex=\"-1\" >\n\t\t\t<div class=\"elementor-post__thumbnail\"><img fetchpriority=\"high\" decoding=\"async\" width=\"1920\" height=\"1080\" src=\"https:\/\/globalpharma.mixture.com.co\/wp-content\/uploads\/2025\/08\/Resistencia-biologica.jpg\" class=\"attachment-full size-full wp-image-1323\" alt=\"\" srcset=\"https:\/\/globalpharma.mixture.com.co\/wp-content\/uploads\/2025\/08\/Resistencia-biologica.jpg 1920w, https:\/\/globalpharma.mixture.com.co\/wp-content\/uploads\/2025\/08\/Resistencia-biologica-300x169.jpg 300w, https:\/\/globalpharma.mixture.com.co\/wp-content\/uploads\/2025\/08\/Resistencia-biologica-1024x576.jpg 1024w, https:\/\/globalpharma.mixture.com.co\/wp-content\/uploads\/2025\/08\/Resistencia-biologica-768x432.jpg 768w, https:\/\/globalpharma.mixture.com.co\/wp-content\/uploads\/2025\/08\/Resistencia-biologica-1536x864.jpg 1536w, https:\/\/globalpharma.mixture.com.co\/wp-content\/uploads\/2025\/08\/Resistencia-biologica-18x10.jpg 18w\" sizes=\"(max-width: 1920px) 100vw, 1920px\" \/><\/div>\n\t\t<\/a>\n\t\t\t\t<div class=\"elementor-post__text\">\n\t\t\t\t<h3 class=\"elementor-post__title\">\n\t\t\t<a href=\"https:\/\/globalpharma.mixture.com.co\/es\/la-columna-vertebral-de-la-salud-logistica-farmaceutica-en-colombia\/\" >\n\t\t\t\tLa columna vertebral de la salud: log\u00edstica farmac\u00e9utica en Colombia\t\t\t<\/a>\n\t\t<\/h3>\n\t\t\t\t<div class=\"elementor-post__excerpt\">\n\t\t\t<p>En Colombia, la salud de millones depende de algo que no se ve, pero lo sostiene todo: la log\u00edstica farmac\u00e9utica.<\/p>\n\t\t<\/div>\n\t\t\n\t\t<a class=\"elementor-post__read-more\" href=\"https:\/\/globalpharma.mixture.com.co\/es\/la-columna-vertebral-de-la-salud-logistica-farmaceutica-en-colombia\/\" aria-label=\"Read more about La columna vertebral de la salud: log\u00edstica farmac\u00e9utica en Colombia\" tabindex=\"-1\" >\n\t\t\tLeer M\u00e1s\t\t<\/a>\n\n\t\t\t\t<\/div>\n\t\t\t\t<\/article>\n\t\t\t\t<article class=\"elementor-post elementor-grid-item post-240 post type-post status-publish format-standard has-post-thumbnail hentry category-blog\">\n\t\t\t\t<a class=\"elementor-post__thumbnail__link\" href=\"https:\/\/globalpharma.mixture.com.co\/es\/cambio-de-requisitos-para-productos-cosmeticos\/\" tabindex=\"-1\" >\n\t\t\t<div class=\"elementor-post__thumbnail\"><img decoding=\"async\" width=\"1920\" height=\"1080\" src=\"https:\/\/globalpharma.mixture.com.co\/wp-content\/uploads\/2025\/08\/Requisitos-para-pdouctos-cosmeticos.jpg\" class=\"attachment-full size-full wp-image-1322\" alt=\"\" srcset=\"https:\/\/globalpharma.mixture.com.co\/wp-content\/uploads\/2025\/08\/Requisitos-para-pdouctos-cosmeticos.jpg 1920w, https:\/\/globalpharma.mixture.com.co\/wp-content\/uploads\/2025\/08\/Requisitos-para-pdouctos-cosmeticos-300x169.jpg 300w, https:\/\/globalpharma.mixture.com.co\/wp-content\/uploads\/2025\/08\/Requisitos-para-pdouctos-cosmeticos-1024x576.jpg 1024w, https:\/\/globalpharma.mixture.com.co\/wp-content\/uploads\/2025\/08\/Requisitos-para-pdouctos-cosmeticos-768x432.jpg 768w, https:\/\/globalpharma.mixture.com.co\/wp-content\/uploads\/2025\/08\/Requisitos-para-pdouctos-cosmeticos-1536x864.jpg 1536w, https:\/\/globalpharma.mixture.com.co\/wp-content\/uploads\/2025\/08\/Requisitos-para-pdouctos-cosmeticos-18x10.jpg 18w\" sizes=\"(max-width: 1920px) 100vw, 1920px\" \/><\/div>\n\t\t<\/a>\n\t\t\t\t<div class=\"elementor-post__text\">\n\t\t\t\t<h3 class=\"elementor-post__title\">\n\t\t\t<a href=\"https:\/\/globalpharma.mixture.com.co\/es\/cambio-de-requisitos-para-productos-cosmeticos\/\" >\n\t\t\t\tCambio de requisitos para productos cosm\u00e9ticos\t\t\t<\/a>\n\t\t<\/h3>\n\t\t\t\t<div class=\"elementor-post__excerpt\">\n\t\t\t<p>Decisi\u00f3n 944: El nuevo marco que transformar\u00e1 la notificaci\u00f3n sanitaria de cosm\u00e9ticos en la regi\u00f3n andina<\/p>\n\t\t<\/div>\n\t\t\n\t\t<a class=\"elementor-post__read-more\" href=\"https:\/\/globalpharma.mixture.com.co\/es\/cambio-de-requisitos-para-productos-cosmeticos\/\" aria-label=\"Read more about Cambio de requisitos para productos cosm\u00e9ticos\" tabindex=\"-1\" >\n\t\t\tLeer M\u00e1s\t\t<\/a>\n\n\t\t\t\t<\/div>\n\t\t\t\t<\/article>\n\t\t\t\t<article class=\"elementor-post elementor-grid-item post-237 post type-post status-publish format-standard has-post-thumbnail hentry category-blog\">\n\t\t\t\t<a class=\"elementor-post__thumbnail__link\" href=\"https:\/\/globalpharma.mixture.com.co\/es\/reprogramacion-celular-el-inicio-de-una-nueva-era-medica\/\" tabindex=\"-1\" >\n\t\t\t<div class=\"elementor-post__thumbnail\"><img decoding=\"async\" width=\"1920\" height=\"1080\" src=\"https:\/\/globalpharma.mixture.com.co\/wp-content\/uploads\/2025\/08\/Reprogramacion-celular.jpg\" class=\"attachment-full size-full wp-image-1321\" alt=\"\" srcset=\"https:\/\/globalpharma.mixture.com.co\/wp-content\/uploads\/2025\/08\/Reprogramacion-celular.jpg 1920w, https:\/\/globalpharma.mixture.com.co\/wp-content\/uploads\/2025\/08\/Reprogramacion-celular-300x169.jpg 300w, https:\/\/globalpharma.mixture.com.co\/wp-content\/uploads\/2025\/08\/Reprogramacion-celular-1024x576.jpg 1024w, https:\/\/globalpharma.mixture.com.co\/wp-content\/uploads\/2025\/08\/Reprogramacion-celular-768x432.jpg 768w, https:\/\/globalpharma.mixture.com.co\/wp-content\/uploads\/2025\/08\/Reprogramacion-celular-1536x864.jpg 1536w, https:\/\/globalpharma.mixture.com.co\/wp-content\/uploads\/2025\/08\/Reprogramacion-celular-18x10.jpg 18w\" sizes=\"(max-width: 1920px) 100vw, 1920px\" \/><\/div>\n\t\t<\/a>\n\t\t\t\t<div class=\"elementor-post__text\">\n\t\t\t\t<h3 class=\"elementor-post__title\">\n\t\t\t<a href=\"https:\/\/globalpharma.mixture.com.co\/es\/reprogramacion-celular-el-inicio-de-una-nueva-era-medica\/\" >\n\t\t\t\tReprogramaci\u00f3n celular: \u00bfel inicio de una nueva era m\u00e9dica?\t\t\t<\/a>\n\t\t<\/h3>\n\t\t\t\t<div class=\"elementor-post__excerpt\">\n\t\t\t<p>Reprogramaci\u00f3n celular: \u00bfel inicio de una nueva era m\u00e9dica?<\/p>\n\t\t<\/div>\n\t\t\n\t\t<a class=\"elementor-post__read-more\" href=\"https:\/\/globalpharma.mixture.com.co\/es\/reprogramacion-celular-el-inicio-de-una-nueva-era-medica\/\" aria-label=\"Read more about Reprogramaci\u00f3n celular: \u00bfel inicio de una nueva era m\u00e9dica?\" tabindex=\"-1\" >\n\t\t\tLeer M\u00e1s\t\t<\/a>\n\n\t\t\t\t<\/div>\n\t\t\t\t<\/article>\n\t\t\t\t<\/div>\n\t\t\n\t\t\t\t\t\t<\/div>\n\t\t\t\t<\/div>\n\t\t\t\t\t<\/div>\n\t\t\t\t<\/div>\n\t\t\t\t<\/div>\n\t\t","protected":false},"excerpt":{"rendered":"<p>contenido de inter\u00e9s<\/p>\n","protected":false},"author":1,"featured_media":0,"parent":0,"menu_order":0,"comment_status":"closed","ping_status":"closed","template":"elementor_header_footer","meta":{"_acf_changed":false,"_joinchat":[],"footnotes":""},"class_list":["post-530","page","type-page","status-publish","hentry"],"acf":[],"_links":{"self":[{"href":"https:\/\/globalpharma.mixture.com.co\/es\/wp-json\/wp\/v2\/pages\/530","targetHints":{"allow":["GET"]}}],"collection":[{"href":"https:\/\/globalpharma.mixture.com.co\/es\/wp-json\/wp\/v2\/pages"}],"about":[{"href":"https:\/\/globalpharma.mixture.com.co\/es\/wp-json\/wp\/v2\/types\/page"}],"author":[{"embeddable":true,"href":"https:\/\/globalpharma.mixture.com.co\/es\/wp-json\/wp\/v2\/users\/1"}],"replies":[{"embeddable":true,"href":"https:\/\/globalpharma.mixture.com.co\/es\/wp-json\/wp\/v2\/comments?post=530"}],"version-history":[{"count":16,"href":"https:\/\/globalpharma.mixture.com.co\/es\/wp-json\/wp\/v2\/pages\/530\/revisions"}],"predecessor-version":[{"id":1511,"href":"https:\/\/globalpharma.mixture.com.co\/es\/wp-json\/wp\/v2\/pages\/530\/revisions\/1511"}],"wp:attachment":[{"href":"https:\/\/globalpharma.mixture.com.co\/es\/wp-json\/wp\/v2\/media?parent=530"}],"curies":[{"name":"wp","href":"https:\/\/api.w.org\/{rel}","templated":true}]}}