{"id":18,"date":"2025-07-31T11:44:31","date_gmt":"2025-07-31T16:44:31","guid":{"rendered":"https:\/\/globalpharma.mixture.com.co\/?page_id=18"},"modified":"2025-09-11T12:07:33","modified_gmt":"2025-09-11T17:07:33","slug":"responsabilidad-social","status":"publish","type":"page","link":"https:\/\/globalpharma.mixture.com.co\/es\/responsabilidad-social\/","title":{"rendered":"Responsabilidad Social"},"content":{"rendered":"\t\t<div data-elementor-type=\"wp-page\" data-elementor-id=\"18\" class=\"elementor elementor-18\" data-elementor-post-type=\"page\">\n\t\t\t\t<div class=\"elementor-element elementor-element-247e296 e-flex e-con-boxed e-con e-parent\" data-id=\"247e296\" data-element_type=\"container\" data-settings=\"{&quot;background_background&quot;:&quot;classic&quot;}\">\n\t\t\t\t\t<div class=\"e-con-inner\">\n\t\t\t\t<div class=\"elementor-element elementor-element-bac412a elementor-invisible elementor-widget elementor-widget-heading\" data-id=\"bac412a\" data-element_type=\"widget\" data-settings=\"{&quot;_animation&quot;:&quot;fadeInUp&quot;}\" data-widget_type=\"heading.default\">\n\t\t\t\t\t<h2 class=\"elementor-heading-title elementor-size-default\">responsabilidad <span style=\"background: #106EEA\">social<\/span><\/h2>\t\t\t\t<\/div>\n\t\t\t\t\t<\/div>\n\t\t\t\t<\/div>\n\t\t<div class=\"elementor-element elementor-element-34b9ff9 e-flex e-con-boxed e-con e-parent\" data-id=\"34b9ff9\" data-element_type=\"container\">\n\t\t\t\t\t<div class=\"e-con-inner\">\n\t\t<div class=\"elementor-element elementor-element-164eef7 e-con-full e-flex e-con e-child\" data-id=\"164eef7\" data-element_type=\"container\">\n\t\t\t\t<div class=\"elementor-element elementor-element-3883ffb elementor-invisible elementor-widget elementor-widget-image\" data-id=\"3883ffb\" data-element_type=\"widget\" data-settings=\"{&quot;_animation&quot;:&quot;fadeInUp&quot;}\" data-widget_type=\"image.default\">\n\t\t\t\t\t\t\t\t\t\t\t\t\t\t\t<img fetchpriority=\"high\" decoding=\"async\" width=\"648\" height=\"591\" src=\"https:\/\/globalpharma.mixture.com.co\/wp-content\/uploads\/2025\/08\/Group-26.png\" class=\"attachment-large size-large wp-image-510\" alt=\"\" srcset=\"https:\/\/globalpharma.mixture.com.co\/wp-content\/uploads\/2025\/08\/Group-26.png 648w, https:\/\/globalpharma.mixture.com.co\/wp-content\/uploads\/2025\/08\/Group-26-300x274.png 300w\" sizes=\"(max-width: 648px) 100vw, 648px\" \/>\t\t\t\t\t\t\t\t\t\t\t\t\t\t\t<\/div>\n\t\t\t\t<\/div>\n\t\t<div class=\"elementor-element elementor-element-5f3f65a e-con-full e-flex elementor-invisible e-con e-child\" data-id=\"5f3f65a\" data-element_type=\"container\" data-settings=\"{&quot;animation&quot;:&quot;fadeInUp&quot;}\">\n\t\t\t\t<div class=\"elementor-element elementor-element-13bc04f elementor-widget elementor-widget-heading\" data-id=\"13bc04f\" data-element_type=\"widget\" data-widget_type=\"heading.default\">\n\t\t\t\t\t<h2 class=\"elementor-heading-title elementor-size-default\">Compromiso con la sociedad<\/h2>\t\t\t\t<\/div>\n\t\t\t\t<div class=\"elementor-element elementor-element-bae5a5e elementor-widget__width-initial elementor-widget elementor-widget-text-editor\" data-id=\"bae5a5e\" data-element_type=\"widget\" data-widget_type=\"text-editor.default\">\n\t\t\t\t\t\t\t\t\t<p>En Global Pharma, la responsabilidad social es un compromiso integral que gu\u00eda nuestras acciones m\u00e1s all\u00e1 del \u00e1mbito farmac\u00e9utico. Nos dedicamos a apoyar a quienes m\u00e1s lo necesitan, promoviendo el bienestar y la calidad de vida.<\/p><p>Nuestro programa brinda apoyo a familias vulnerables a trav\u00e9s de donaciones de alimentos, medicinas y recursos esenciales; ofrece acompa\u00f1amiento a ancianos para fortalecer su salud y bienestar emocional y colabora con organizaciones comprometidas en la protecci\u00f3n y cuidado de animales abandonados o maltratados, promoviendo su atenci\u00f3n y adopci\u00f3n<\/p><p>En Global Pharma comprendemos que el bienestar social es un sistema interconectado, por lo que unimos esfuerzos para generar un impacto positivo y sostenible en la vida de las personas, los animales y las comunidades que conforman nuestro entorno.<\/p>\t\t\t\t\t\t\t\t<\/div>\n\t\t\t\t<div class=\"elementor-element elementor-element-b49eb74 elementor-hidden-desktop elementor-hidden-tablet elementor-hidden-mobile elementor-icon-list--layout-traditional elementor-list-item-link-full_width elementor-widget elementor-widget-icon-list\" data-id=\"b49eb74\" data-element_type=\"widget\" data-widget_type=\"icon-list.default\">\n\t\t\t\t\t\t\t<ul class=\"elementor-icon-list-items\">\n\t\t\t\t\t\t\t<li class=\"elementor-icon-list-item\">\n\t\t\t\t\t\t\t\t\t\t\t<span class=\"elementor-icon-list-icon\">\n\t\t\t\t\t\t\t<svg aria-hidden=\"true\" class=\"e-font-icon-svg e-fas-arrow-circle-right\" viewBox=\"0 0 512 512\" xmlns=\"http:\/\/www.w3.org\/2000\/svg\"><path d=\"M256 8c137 0 248 111 248 248S393 504 256 504 8 393 8 256 119 8 256 8zm-28.9 143.6l75.5 72.4H120c-13.3 0-24 10.7-24 24v16c0 13.3 10.7 24 24 24h182.6l-75.5 72.4c-9.7 9.3-9.9 24.8-.4 34.3l11 10.9c9.4 9.4 24.6 9.4 33.9 0L404.3 273c9.4-9.4 9.4-24.6 0-33.9L271.6 106.3c-9.4-9.4-24.6-9.4-33.9 0l-11 10.9c-9.5 9.6-9.3 25.1.4 34.4z\"><\/path><\/svg>\t\t\t\t\t\t<\/span>\n\t\t\t\t\t\t\t\t\t\t<span class=\"elementor-icon-list-text\">Plan de carrera y desarrollo de nuestros colaboradores.<\/span>\n\t\t\t\t\t\t\t\t\t<\/li>\n\t\t\t\t\t\t\t\t<li class=\"elementor-icon-list-item\">\n\t\t\t\t\t\t\t\t\t\t\t<span class=\"elementor-icon-list-icon\">\n\t\t\t\t\t\t\t<svg aria-hidden=\"true\" class=\"e-font-icon-svg e-fas-arrow-circle-right\" viewBox=\"0 0 512 512\" xmlns=\"http:\/\/www.w3.org\/2000\/svg\"><path d=\"M256 8c137 0 248 111 248 248S393 504 256 504 8 393 8 256 119 8 256 8zm-28.9 143.6l75.5 72.4H120c-13.3 0-24 10.7-24 24v16c0 13.3 10.7 24 24 24h182.6l-75.5 72.4c-9.7 9.3-9.9 24.8-.4 34.3l11 10.9c9.4 9.4 24.6 9.4 33.9 0L404.3 273c9.4-9.4 9.4-24.6 0-33.9L271.6 106.3c-9.4-9.4-24.6-9.4-33.9 0l-11 10.9c-9.5 9.6-9.3 25.1.4 34.4z\"><\/path><\/svg>\t\t\t\t\t\t<\/span>\n\t\t\t\t\t\t\t\t\t\t<span class=\"elementor-icon-list-text\">Donaciones de insumos veterinarios.<\/span>\n\t\t\t\t\t\t\t\t\t<\/li>\n\t\t\t\t\t\t\t\t<li class=\"elementor-icon-list-item\">\n\t\t\t\t\t\t\t\t\t\t\t<span class=\"elementor-icon-list-icon\">\n\t\t\t\t\t\t\t<svg aria-hidden=\"true\" class=\"e-font-icon-svg e-fas-arrow-circle-right\" viewBox=\"0 0 512 512\" xmlns=\"http:\/\/www.w3.org\/2000\/svg\"><path d=\"M256 8c137 0 248 111 248 248S393 504 256 504 8 393 8 256 119 8 256 8zm-28.9 143.6l75.5 72.4H120c-13.3 0-24 10.7-24 24v16c0 13.3 10.7 24 24 24h182.6l-75.5 72.4c-9.7 9.3-9.9 24.8-.4 34.3l11 10.9c9.4 9.4 24.6 9.4 33.9 0L404.3 273c9.4-9.4 9.4-24.6 0-33.9L271.6 106.3c-9.4-9.4-24.6-9.4-33.9 0l-11 10.9c-9.5 9.6-9.3 25.1.4 34.4z\"><\/path><\/svg>\t\t\t\t\t\t<\/span>\n\t\t\t\t\t\t\t\t\t\t<span class=\"elementor-icon-list-text\">Donaciones de mercados para familias necesitadas.<\/span>\n\t\t\t\t\t\t\t\t\t<\/li>\n\t\t\t\t\t\t<\/ul>\n\t\t\t\t\t\t<\/div>\n\t\t\t\t<\/div>\n\t\t\t\t\t<\/div>\n\t\t\t\t<\/div>\n\t\t<div class=\"elementor-element elementor-element-a6a9b5b e-flex e-con-boxed e-con e-parent\" data-id=\"a6a9b5b\" data-element_type=\"container\">\n\t\t\t\t\t<div class=\"e-con-inner\">\n\t\t\t\t<div class=\"elementor-element elementor-element-6560bac elementor-widget-divider--view-line elementor-widget elementor-widget-divider\" data-id=\"6560bac\" data-element_type=\"widget\" data-widget_type=\"divider.default\">\n\t\t\t\t\t\t\t<div class=\"elementor-divider\">\n\t\t\t<span class=\"elementor-divider-separator\">\n\t\t\t\t\t\t<\/span>\n\t\t<\/div>\n\t\t\t\t\t\t<\/div>\n\t\t\t\t\t<\/div>\n\t\t\t\t<\/div>\n\t\t<div class=\"elementor-element elementor-element-0ef6365 e-flex e-con-boxed e-con e-parent\" data-id=\"0ef6365\" data-element_type=\"container\">\n\t\t\t\t\t<div class=\"e-con-inner\">\n\t\t<div class=\"elementor-element elementor-element-53ea5f0 e-con-full e-flex elementor-invisible e-con e-child\" data-id=\"53ea5f0\" data-element_type=\"container\" data-settings=\"{&quot;animation&quot;:&quot;fadeInUp&quot;}\">\n\t\t\t\t<div class=\"elementor-element elementor-element-b52b708 elementor-widget elementor-widget-heading\" data-id=\"b52b708\" data-element_type=\"widget\" data-widget_type=\"heading.default\">\n\t\t\t\t\t<h2 class=\"elementor-heading-title elementor-size-default\">liderazgo\nfemenino<\/h2>\t\t\t\t<\/div>\n\t\t\t\t<div class=\"elementor-element elementor-element-e6317c0 elementor-widget__width-initial elementor-widget elementor-widget-text-editor\" data-id=\"e6317c0\" data-element_type=\"widget\" data-widget_type=\"text-editor.default\">\n\t\t\t\t\t\t\t\t\t<p>80% de nuestros colaboradores son mujeres<\/p>\t\t\t\t\t\t\t\t<\/div>\n\t\t\t\t<div class=\"elementor-element elementor-element-a9ee15f elementor-widget__width-initial elementor-widget elementor-widget-text-editor\" data-id=\"a9ee15f\" data-element_type=\"widget\" data-widget_type=\"text-editor.default\">\n\t\t\t\t\t\t\t\t\t<p>En Global Pharma reconocemos la importancia de las mujeres en la actividad empresarial y nos sentimos orgullosos de que el 80% de nuestro personal sean mujeres.<br \/><br \/>La equidad de g\u00e9nero no es tema solo del \u00e1rea de recursos humanos, sino un compromiso alineado con el modelo de negocio que estamos construyendo.<br \/><br \/>Estamos comprometidos con el empoderamiento de la mujer para darle participaci\u00f3n en equidad salarial, gerencial, administrativa y total respaldo a nivel educativo y continuo desarrollo profesional.<br \/><br \/>El talento de cada mujer es un tesoro que no nos podemos dar el lujo de desperdiciar y somos fieles creyentes de que cada barrera superada en la accesibilidad a las oportunidades laborales es un logro para nosotros y para la sociedad<\/p>\t\t\t\t\t\t\t\t<\/div>\n\t\t\t\t<\/div>\n\t\t<div class=\"elementor-element elementor-element-745b1e7 e-con-full e-flex e-con e-child\" data-id=\"745b1e7\" data-element_type=\"container\">\n\t\t\t\t<div class=\"elementor-element elementor-element-a446fdb elementor-invisible elementor-widget elementor-widget-image\" data-id=\"a446fdb\" data-element_type=\"widget\" data-settings=\"{&quot;_animation&quot;:&quot;fadeInUp&quot;}\" data-widget_type=\"image.default\">\n\t\t\t\t\t\t\t\t\t\t\t\t\t\t\t<img decoding=\"async\" width=\"780\" height=\"716\" src=\"https:\/\/globalpharma.mixture.com.co\/wp-content\/uploads\/2025\/08\/imagenes-responsabilidad-social-04-1-04.png\" class=\"attachment-large size-large wp-image-516\" alt=\"\" srcset=\"https:\/\/globalpharma.mixture.com.co\/wp-content\/uploads\/2025\/08\/imagenes-responsabilidad-social-04-1-04.png 780w, https:\/\/globalpharma.mixture.com.co\/wp-content\/uploads\/2025\/08\/imagenes-responsabilidad-social-04-1-04-300x275.png 300w, https:\/\/globalpharma.mixture.com.co\/wp-content\/uploads\/2025\/08\/imagenes-responsabilidad-social-04-1-04-768x705.png 768w\" sizes=\"(max-width: 780px) 100vw, 780px\" \/>\t\t\t\t\t\t\t\t\t\t\t\t\t\t\t<\/div>\n\t\t\t\t<\/div>\n\t\t\t\t\t<\/div>\n\t\t\t\t<\/div>\n\t\t\t\t<\/div>\n\t\t","protected":false},"excerpt":{"rendered":"<p>responsabilidad social Compromiso con la sociedad En Global Pharma, la responsabilidad social es un compromiso integral que gu\u00eda nuestras acciones m\u00e1s all\u00e1 del \u00e1mbito farmac\u00e9utico. Nos dedicamos a apoyar a quienes m\u00e1s lo necesitan, promoviendo el bienestar y la calidad de vida. Nuestro programa brinda apoyo a familias vulnerables a trav\u00e9s de donaciones de alimentos, [&hellip;]<\/p>\n","protected":false},"author":1,"featured_media":0,"parent":0,"menu_order":0,"comment_status":"closed","ping_status":"closed","template":"elementor_header_footer","meta":{"_acf_changed":false,"_joinchat":[],"footnotes":""},"class_list":["post-18","page","type-page","status-publish","hentry"],"acf":[],"_links":{"self":[{"href":"https:\/\/globalpharma.mixture.com.co\/es\/wp-json\/wp\/v2\/pages\/18","targetHints":{"allow":["GET"]}}],"collection":[{"href":"https:\/\/globalpharma.mixture.com.co\/es\/wp-json\/wp\/v2\/pages"}],"about":[{"href":"https:\/\/globalpharma.mixture.com.co\/es\/wp-json\/wp\/v2\/types\/page"}],"author":[{"embeddable":true,"href":"https:\/\/globalpharma.mixture.com.co\/es\/wp-json\/wp\/v2\/users\/1"}],"replies":[{"embeddable":true,"href":"https:\/\/globalpharma.mixture.com.co\/es\/wp-json\/wp\/v2\/comments?post=18"}],"version-history":[{"count":46,"href":"https:\/\/globalpharma.mixture.com.co\/es\/wp-json\/wp\/v2\/pages\/18\/revisions"}],"predecessor-version":[{"id":1506,"href":"https:\/\/globalpharma.mixture.com.co\/es\/wp-json\/wp\/v2\/pages\/18\/revisions\/1506"}],"wp:attachment":[{"href":"https:\/\/globalpharma.mixture.com.co\/es\/wp-json\/wp\/v2\/media?parent=18"}],"curies":[{"name":"wp","href":"https:\/\/api.w.org\/{rel}","templated":true}]}}