{"id":16,"date":"2025-07-31T11:44:17","date_gmt":"2025-07-31T16:44:17","guid":{"rendered":"https:\/\/globalpharma.mixture.com.co\/?page_id=16"},"modified":"2025-08-21T13:56:37","modified_gmt":"2025-08-21T18:56:37","slug":"nuestra-historia","status":"publish","type":"page","link":"https:\/\/globalpharma.mixture.com.co\/es\/nuestra-historia\/","title":{"rendered":"Nuestra Historia"},"content":{"rendered":"\t\t<div data-elementor-type=\"wp-page\" data-elementor-id=\"16\" class=\"elementor elementor-16\" data-elementor-post-type=\"page\">\n\t\t\t\t<div class=\"elementor-element elementor-element-fa5033e e-flex e-con-boxed e-con e-parent\" data-id=\"fa5033e\" data-element_type=\"container\" data-settings=\"{&quot;background_background&quot;:&quot;classic&quot;}\">\n\t\t\t\t\t<div class=\"e-con-inner\">\n\t\t\t\t<div class=\"elementor-element elementor-element-41219d9 elementor-invisible elementor-widget elementor-widget-heading\" data-id=\"41219d9\" data-element_type=\"widget\" data-settings=\"{&quot;_animation&quot;:&quot;fadeInUp&quot;}\" data-widget_type=\"heading.default\">\n\t\t\t\t\t<h2 class=\"elementor-heading-title elementor-size-default\">NUESTRA <span style=\"background: #106EEA\">HISTORIA<\/span><\/h2>\t\t\t\t<\/div>\n\t\t\t\t\t<\/div>\n\t\t\t\t<\/div>\n\t\t<div class=\"elementor-element elementor-element-6fe28db e-flex e-con-boxed e-con e-parent\" data-id=\"6fe28db\" data-element_type=\"container\">\n\t\t\t\t\t<div class=\"e-con-inner\">\n\t\t<div class=\"elementor-element elementor-element-b763a58 e-con-full e-flex elementor-invisible e-con e-child\" data-id=\"b763a58\" data-element_type=\"container\" data-settings=\"{&quot;animation&quot;:&quot;fadeInUp&quot;}\">\n\t\t\t\t<div class=\"elementor-element elementor-element-6da15b6 elementor-widget elementor-widget-heading\" data-id=\"6da15b6\" data-element_type=\"widget\" data-widget_type=\"heading.default\">\n\t\t\t\t\t<h2 class=\"elementor-heading-title elementor-size-default\">Global Pharma<br>\n&amp; Logistic<\/h2>\t\t\t\t<\/div>\n\t\t\t\t<div class=\"elementor-element elementor-element-64c3af7 elementor-widget__width-initial elementor-widget-tablet__width-initial elementor-widget-mobile__width-initial elementor-widget elementor-widget-text-editor\" data-id=\"64c3af7\" data-element_type=\"widget\" data-widget_type=\"text-editor.default\">\n\t\t\t\t\t\t\t\t\t<p><strong>En el 2014<\/strong>, tras diversas evaluaciones del mercado farmac\u00e9utico en Colombia, se identifica la necesidad de crear una compa\u00f1\u00eda que brinde a los laboratorios locales, opciones y soluciones relacionadas con precios adecuados, cumplimiento en entregas y disponibilidad de principios activos.<\/p><p>Identificando esta necesidad surge la creaci\u00f3n de Global Pharma &amp; Logistic S.A.S., empresa dedicada a la importaci\u00f3n y distribuci\u00f3n de principios activos de uso farmac\u00e9utico, veterinario y cosm\u00e9tico a nivel nacional e internacional.<\/p>\t\t\t\t\t\t\t\t<\/div>\n\t\t\t\t<\/div>\n\t\t<div class=\"elementor-element elementor-element-d9a7aa6 e-con-full e-flex e-con e-child\" data-id=\"d9a7aa6\" data-element_type=\"container\">\n\t\t\t\t<div class=\"elementor-element elementor-element-c06e8f2 elementor-invisible elementor-widget elementor-widget-image\" data-id=\"c06e8f2\" data-element_type=\"widget\" data-settings=\"{&quot;_animation&quot;:&quot;zoomIn&quot;}\" data-widget_type=\"image.default\">\n\t\t\t\t\t\t\t\t\t\t\t\t\t\t\t<img fetchpriority=\"high\" decoding=\"async\" width=\"383\" height=\"468\" src=\"https:\/\/globalpharma.mixture.com.co\/wp-content\/uploads\/2025\/08\/Group-24-1.png\" class=\"attachment-large size-large wp-image-479\" alt=\"\" srcset=\"https:\/\/globalpharma.mixture.com.co\/wp-content\/uploads\/2025\/08\/Group-24-1.png 383w, https:\/\/globalpharma.mixture.com.co\/wp-content\/uploads\/2025\/08\/Group-24-1-246x300.png 246w\" sizes=\"(max-width: 383px) 100vw, 383px\" \/>\t\t\t\t\t\t\t\t\t\t\t\t\t\t\t<\/div>\n\t\t\t\t<\/div>\n\t\t\t\t\t<\/div>\n\t\t\t\t<\/div>\n\t\t<div class=\"elementor-element elementor-element-2095575 e-flex e-con-boxed e-con e-parent\" data-id=\"2095575\" data-element_type=\"container\">\n\t\t\t\t\t<div class=\"e-con-inner\">\n\t\t\t\t<div class=\"elementor-element elementor-element-f622f34 e-n-tabs-mobile elementor-invisible elementor-widget elementor-widget-n-tabs\" data-id=\"f622f34\" data-element_type=\"widget\" data-settings=\"{&quot;tabs_justify_horizontal&quot;:&quot;stretch&quot;,&quot;_animation&quot;:&quot;fadeInUp&quot;,&quot;horizontal_scroll&quot;:&quot;disable&quot;}\" data-widget_type=\"nested-tabs.default\">\n\t\t\t\t\t\t\t<div class=\"e-n-tabs\" data-widget-number=\"258092852\" aria-label=\"Tabs. Open items with Enter or Space, close with Escape and navigate using the Arrow keys.\">\n\t\t\t<div class=\"e-n-tabs-heading\" role=\"tablist\">\n\t\t\t\t\t<button id=\"e-n-tab-title-2580928521\" class=\"e-n-tab-title\" aria-selected=\"true\" data-tab-index=\"1\" role=\"tab\" tabindex=\"0\" aria-controls=\"e-n-tab-content-2580928521\" style=\"--n-tabs-title-order: 1;\">\n\t\t\t\t\t\t<span class=\"e-n-tab-title-text\">\n\t\t\t\tNuestros inicios (Bello 2014 - 2015)\t\t\t<\/span>\n\t\t<\/button>\n\t\t\t\t<button id=\"e-n-tab-title-2580928522\" class=\"e-n-tab-title\" aria-selected=\"false\" data-tab-index=\"2\" role=\"tab\" tabindex=\"-1\" aria-controls=\"e-n-tab-content-2580928522\" style=\"--n-tabs-title-order: 2;\">\n\t\t\t\t\t\t<span class=\"e-n-tab-title-text\">\n\t\t\t\tConsolidaci\u00f3n (Medell\u00edn 2016 - 2024)\t\t\t<\/span>\n\t\t<\/button>\n\t\t\t\t<button id=\"e-n-tab-title-2580928523\" class=\"e-n-tab-title\" aria-selected=\"false\" data-tab-index=\"3\" role=\"tab\" tabindex=\"-1\" aria-controls=\"e-n-tab-content-2580928523\" style=\"--n-tabs-title-order: 3;\">\n\t\t\t\t\t\t<span class=\"e-n-tab-title-text\">\n\t\t\t\tProyecci\u00f3n global (Medell\u00edn desde 2024)\t\t\t<\/span>\n\t\t<\/button>\n\t\t\t\t\t<\/div>\n\t\t\t<div class=\"e-n-tabs-content\">\n\t\t\t\t<div id=\"e-n-tab-content-2580928521\" role=\"tabpanel\" aria-labelledby=\"e-n-tab-title-2580928521\" data-tab-index=\"1\" style=\"--n-tabs-title-order: 1;\" class=\"e-active elementor-element elementor-element-42372d2 e-con-full e-flex e-con e-child\" data-id=\"42372d2\" data-element_type=\"container\" data-settings=\"{&quot;background_background&quot;:&quot;classic&quot;}\">\n\t\t<div class=\"elementor-element elementor-element-c40f742 e-con-full e-flex e-con e-child\" data-id=\"c40f742\" data-element_type=\"container\">\n\t\t\t\t<div class=\"elementor-element elementor-element-8ea3274 elementor-widget elementor-widget-image\" data-id=\"8ea3274\" data-element_type=\"widget\" data-widget_type=\"image.default\">\n\t\t\t\t\t\t\t\t\t\t\t\t\t\t\t<img decoding=\"async\" width=\"317\" height=\"359\" src=\"https:\/\/globalpharma.mixture.com.co\/wp-content\/uploads\/2025\/08\/image-17.png\" class=\"attachment-large size-large wp-image-484\" alt=\"\" srcset=\"https:\/\/globalpharma.mixture.com.co\/wp-content\/uploads\/2025\/08\/image-17.png 317w, https:\/\/globalpharma.mixture.com.co\/wp-content\/uploads\/2025\/08\/image-17-265x300.png 265w\" sizes=\"(max-width: 317px) 100vw, 317px\" \/>\t\t\t\t\t\t\t\t\t\t\t\t\t\t\t<\/div>\n\t\t\t\t<\/div>\n\t\t<div class=\"elementor-element elementor-element-1a915f8 e-con-full e-flex e-con e-child\" data-id=\"1a915f8\" data-element_type=\"container\">\n\t\t\t\t<div class=\"elementor-element elementor-element-88dcf6a elementor-widget elementor-widget-heading\" data-id=\"88dcf6a\" data-element_type=\"widget\" data-widget_type=\"heading.default\">\n\t\t\t\t\t<h2 class=\"elementor-heading-title elementor-size-default\">Bello<\/h2>\t\t\t\t<\/div>\n\t\t\t\t<div class=\"elementor-element elementor-element-0eff2a1 elementor-widget__width-initial elementor-widget elementor-widget-text-editor\" data-id=\"0eff2a1\" data-element_type=\"widget\" data-widget_type=\"text-editor.default\">\n\t\t\t\t\t\t\t\t\t<p>Desde que Global Pharma tuvo su primera oficina en un peque\u00f1o apartamento ubicado en Bello, Antioquia, nos hemos dedicado a marcar una diferencia en el servicio ofrecido a nuestros clientes. En ese momento, sab\u00edamos que \u00e9ramos peque\u00f1os en infraestructura, pero eso no nos imped\u00eda so\u00f1ar en grande<\/p>\t\t\t\t\t\t\t\t<\/div>\n\t\t\t\t<\/div>\n\t\t\t\t<\/div>\n\t\t<div id=\"e-n-tab-content-2580928522\" role=\"tabpanel\" aria-labelledby=\"e-n-tab-title-2580928522\" data-tab-index=\"2\" style=\"--n-tabs-title-order: 2;\" class=\" elementor-element elementor-element-6fb997b e-con-full e-flex e-con e-child\" data-id=\"6fb997b\" data-element_type=\"container\" data-settings=\"{&quot;background_background&quot;:&quot;classic&quot;}\">\n\t\t<div class=\"elementor-element elementor-element-21390a1 e-con-full e-flex e-con e-child\" data-id=\"21390a1\" data-element_type=\"container\">\n\t\t\t\t<div class=\"elementor-element elementor-element-b6f38e4 elementor-widget elementor-widget-image\" data-id=\"b6f38e4\" data-element_type=\"widget\" data-widget_type=\"image.default\">\n\t\t\t\t\t\t\t\t\t\t\t\t\t\t\t<img decoding=\"async\" width=\"229\" height=\"375\" src=\"https:\/\/globalpharma.mixture.com.co\/wp-content\/uploads\/2025\/08\/image-18.png\" class=\"attachment-large size-large wp-image-488\" alt=\"\" srcset=\"https:\/\/globalpharma.mixture.com.co\/wp-content\/uploads\/2025\/08\/image-18.png 229w, https:\/\/globalpharma.mixture.com.co\/wp-content\/uploads\/2025\/08\/image-18-183x300.png 183w\" sizes=\"(max-width: 229px) 100vw, 229px\" \/>\t\t\t\t\t\t\t\t\t\t\t\t\t\t\t<\/div>\n\t\t\t\t<\/div>\n\t\t<div class=\"elementor-element elementor-element-91433fd e-con-full e-flex e-con e-child\" data-id=\"91433fd\" data-element_type=\"container\">\n\t\t\t\t<div class=\"elementor-element elementor-element-47d8cb1 elementor-widget elementor-widget-heading\" data-id=\"47d8cb1\" data-element_type=\"widget\" data-widget_type=\"heading.default\">\n\t\t\t\t\t<h2 class=\"elementor-heading-title elementor-size-default\">Medell\u00edn<\/h2>\t\t\t\t<\/div>\n\t\t\t\t<div class=\"elementor-element elementor-element-cea32e0 elementor-widget__width-initial elementor-widget elementor-widget-text-editor\" data-id=\"cea32e0\" data-element_type=\"widget\" data-widget_type=\"text-editor.default\">\n\t\t\t\t\t\t\t\t\t<p class=\"description\">De un peque\u00f1o apartamento a una oficina corporativa. Paso a paso ibamos creciendo manteniendo nuestro enfoque principal: brindar a los laboratorios locales, opciones y soluciones relacionadas con precios adecuados, cumplimento en entregas y disponibilidad de principios activos.<\/p>\t\t\t\t\t\t\t\t<\/div>\n\t\t\t\t<\/div>\n\t\t\t\t<\/div>\n\t\t<div id=\"e-n-tab-content-2580928523\" role=\"tabpanel\" aria-labelledby=\"e-n-tab-title-2580928523\" data-tab-index=\"3\" style=\"--n-tabs-title-order: 3;\" class=\" elementor-element elementor-element-e1247f9 e-con-full e-flex e-con e-child\" data-id=\"e1247f9\" data-element_type=\"container\" data-settings=\"{&quot;background_background&quot;:&quot;classic&quot;}\">\n\t\t<div class=\"elementor-element elementor-element-8d79d2b e-con-full e-flex e-con e-child\" data-id=\"8d79d2b\" data-element_type=\"container\">\n\t\t\t\t<div class=\"elementor-element elementor-element-e212bf7 elementor-widget elementor-widget-image\" data-id=\"e212bf7\" data-element_type=\"widget\" data-widget_type=\"image.default\">\n\t\t\t\t\t\t\t\t\t\t\t\t\t\t\t<img loading=\"lazy\" decoding=\"async\" width=\"605\" height=\"988\" src=\"https:\/\/globalpharma.mixture.com.co\/wp-content\/uploads\/2025\/08\/Imagen-de-Medellin-desde-2024-06.png\" class=\"attachment-large size-large wp-image-498\" alt=\"\" srcset=\"https:\/\/globalpharma.mixture.com.co\/wp-content\/uploads\/2025\/08\/Imagen-de-Medellin-desde-2024-06.png 605w, https:\/\/globalpharma.mixture.com.co\/wp-content\/uploads\/2025\/08\/Imagen-de-Medellin-desde-2024-06-184x300.png 184w\" sizes=\"(max-width: 605px) 100vw, 605px\" \/>\t\t\t\t\t\t\t\t\t\t\t\t\t\t\t<\/div>\n\t\t\t\t<\/div>\n\t\t<div class=\"elementor-element elementor-element-1179fb1 e-con-full e-flex e-con e-child\" data-id=\"1179fb1\" data-element_type=\"container\">\n\t\t\t\t<div class=\"elementor-element elementor-element-a5d2fc1 elementor-widget elementor-widget-heading\" data-id=\"a5d2fc1\" data-element_type=\"widget\" data-widget_type=\"heading.default\">\n\t\t\t\t\t<h2 class=\"elementor-heading-title elementor-size-default\">Medell\u00edn desde 2024<\/h2>\t\t\t\t<\/div>\n\t\t\t\t<div class=\"elementor-element elementor-element-bb5308b elementor-widget__width-initial elementor-widget elementor-widget-text-editor\" data-id=\"bb5308b\" data-element_type=\"widget\" data-widget_type=\"text-editor.default\">\n\t\t\t\t\t\t\t\t\t<p>Nuestra actual sede es el resultado del esfuerzo, visi\u00f3n y liderazgo de muchas personas dentro de Global Pharma y de sus socios estrat\u00e9gicos. Aunque hemos logrado posicionarnos exitosamente en el mercado farmac\u00e9utico, queremos seguir creciendo y por ello sabemos que cada logro, grande o peque\u00f1o, debemos celebrarlo junto con todos aquellos que lo hacen posible.<\/p>\t\t\t\t\t\t\t\t<\/div>\n\t\t\t\t<\/div>\n\t\t\t\t<\/div>\n\t\t\t\t\t<\/div>\n\t\t<\/div>\n\t\t\t\t\t\t<\/div>\n\t\t\t\t\t<\/div>\n\t\t\t\t<\/div>\n\t\t\t\t<\/div>\n\t\t","protected":false},"excerpt":{"rendered":"<p>NUESTRA HISTORIA Global Pharma &amp; Logistic En el 2014, tras diversas evaluaciones del mercado farmac\u00e9utico en Colombia, se identifica la necesidad de crear una compa\u00f1\u00eda que brinde a los laboratorios locales, opciones y soluciones relacionadas con precios adecuados, cumplimiento en entregas y disponibilidad de principios activos. Identificando esta necesidad surge la creaci\u00f3n de Global Pharma [&hellip;]<\/p>\n","protected":false},"author":1,"featured_media":0,"parent":0,"menu_order":0,"comment_status":"closed","ping_status":"closed","template":"elementor_header_footer","meta":{"_acf_changed":false,"_joinchat":[],"footnotes":""},"class_list":["post-16","page","type-page","status-publish","hentry"],"acf":[],"_links":{"self":[{"href":"https:\/\/globalpharma.mixture.com.co\/es\/wp-json\/wp\/v2\/pages\/16","targetHints":{"allow":["GET"]}}],"collection":[{"href":"https:\/\/globalpharma.mixture.com.co\/es\/wp-json\/wp\/v2\/pages"}],"about":[{"href":"https:\/\/globalpharma.mixture.com.co\/es\/wp-json\/wp\/v2\/types\/page"}],"author":[{"embeddable":true,"href":"https:\/\/globalpharma.mixture.com.co\/es\/wp-json\/wp\/v2\/users\/1"}],"replies":[{"embeddable":true,"href":"https:\/\/globalpharma.mixture.com.co\/es\/wp-json\/wp\/v2\/comments?post=16"}],"version-history":[{"count":49,"href":"https:\/\/globalpharma.mixture.com.co\/es\/wp-json\/wp\/v2\/pages\/16\/revisions"}],"predecessor-version":[{"id":1009,"href":"https:\/\/globalpharma.mixture.com.co\/es\/wp-json\/wp\/v2\/pages\/16\/revisions\/1009"}],"wp:attachment":[{"href":"https:\/\/globalpharma.mixture.com.co\/es\/wp-json\/wp\/v2\/media?parent=16"}],"curies":[{"name":"wp","href":"https:\/\/api.w.org\/{rel}","templated":true}]}}